{"id":18750,"date":"2024-08-05T12:58:21","date_gmt":"2024-08-05T12:58:21","guid":{"rendered":"https:\/\/worklikehome.com\/produto\/work-phone\/"},"modified":"2026-04-11T21:29:56","modified_gmt":"2026-04-11T21:29:56","slug":"work-phone","status":"publish","type":"product","link":"https:\/\/worklikehome.com\/es\/produto\/work-phone\/","title":{"rendered":"WORK PHONE"},"content":{"rendered":"<p>Work Phone es la opci\u00f3n ideal para quienes buscan un espacio m\u00e1s privado.<\/p>\n<p>Con capacidad para una persona, combina un dise\u00f1o innovador con funciones exclusivas, lo que la hace perfecta para cualquier ocasi\u00f3n.<\/p>\n<p>Esta cabina ofrece una ac\u00fastica \u00f3ptima, lo que proporciona un entorno adecuado tanto para conversaciones telef\u00f3nicas como para el trabajo individual. Adem\u00e1s, puede equiparse con un respaldo para mayor comodidad.<\/p>\n<p>&nbsp;<\/p>\n<p>&nbsp;<\/p>\n\t\t\t<link rel=\"stylesheet\" id=\"elementor-post-20545-css\" href=\"https:\/\/worklikehome.com\/wp-content\/uploads\/elementor\/css\/post-20545.css?ver=1776209990\" type=\"text\/css\" media=\"all\">\n\t\t\t\t\t<div data-elementor-type=\"wp-post\" data-elementor-id=\"20545\" class=\"elementor elementor-20545 elementor-15959\" data-elementor-post-type=\"cms_block\">\n\t\t\t\t<div class=\"wd-negative-gap elementor-element elementor-element-5fcd76a e-flex e-con-boxed e-con e-parent\" data-id=\"5fcd76a\" data-element_type=\"container\" data-e-type=\"container\">\n\t\t\t\t\t<div class=\"e-con-inner\">\n\t\t<div class=\"elementor-element elementor-element-ef1e14d e-con-full e-flex e-con e-child\" data-id=\"ef1e14d\" data-element_type=\"container\" data-e-type=\"container\">\n\t\t\t\t<div class=\"elementor-element elementor-element-543c09c elementor-widget elementor-widget-wd_banner\" data-id=\"543c09c\" data-element_type=\"widget\" data-e-type=\"widget\" data-widget_type=\"wd_banner.default\">\n\t\t\t\t<div class=\"elementor-widget-container\">\n\t\t\t\t\t\t\t<div class=\"promo-banner-wrapper\">\n\t\t\t<div class=\"promo-banner banner-default banner-hover-none color-scheme- banner-btn-size-default banner-btn-style-default\">\n\t\t\t\t<div class=\"main-wrapp-img\">\n\t\t\t\t\t<div class=\"banner-image\">\n\t\t\t\t\t\t\t\t\t\t\t\t\t\t\t\t\t\t\t\t\t<img loading=\"lazy\" decoding=\"async\" width=\"1320\" height=\"720\" src=\"https:\/\/worklikehome.com\/wp-content\/uploads\/CENARIOS-CABINE-SIT-1.webp\" class=\"attachment-full size-full\" alt=\"\" srcset=\"https:\/\/worklikehome.com\/wp-content\/uploads\/CENARIOS-CABINE-SIT-1.webp 1320w, https:\/\/worklikehome.com\/wp-content\/uploads\/.\/CENARIOS-CABINE-SIT-1-150x150.webp 150w\" sizes=\"auto, (max-width: 1320px) 100vw, 1320px\" \/>\t\t\t\t\t\t\t\t\t\t\t\t\t\t\t\t\t\t<\/div>\n\t\t\t\t<\/div>\n\n\t\t\t\t<div class=\"wrapper-content-banner wd-fill wd-items-top wd-justify-left\">\n\t\t\t\t\t<div class=\"content-banner  text-left\">\n\t\t\t\t\t\t\n\t\t\t\t\t\t\n\t\t\t\t\t\t\n\t\t\t\t\t\t\n\t\t\t\t\t\t\t\t\t\t\t<\/div>\n\t\t\t\t<\/div>\n\n\t\t\t\t\t\t\t<\/div>\n\t\t<\/div>\n\t\t\t\t\t\t<\/div>\n\t\t\t\t<\/div>\n\t\t\t\t<\/div>\n\t\t<div class=\"elementor-element elementor-element-957fba5 e-con-full e-flex e-con e-child\" data-id=\"957fba5\" data-element_type=\"container\" data-e-type=\"container\">\n\t\t\t\t<div class=\"elementor-element elementor-element-b315d18 elementor-widget elementor-widget-wd_banner\" data-id=\"b315d18\" data-element_type=\"widget\" data-e-type=\"widget\" data-widget_type=\"wd_banner.default\">\n\t\t\t\t<div class=\"elementor-widget-container\">\n\t\t\t\t\t\t\t<div class=\"promo-banner-wrapper\">\n\t\t\t<div class=\"promo-banner banner-default banner-hover-none color-scheme- banner-btn-size-default banner-btn-style-default\">\n\t\t\t\t<div class=\"main-wrapp-img\">\n\t\t\t\t\t<div class=\"banner-image\">\n\t\t\t\t\t\t\t\t\t\t\t\t\t\t\t\t\t\t\t\t\t<img loading=\"lazy\" decoding=\"async\" width=\"1320\" height=\"720\" src=\"https:\/\/worklikehome.com\/wp-content\/uploads\/CENARIOS-CABINE-SIT2-1.webp\" class=\"attachment-full size-full\" alt=\"\" srcset=\"https:\/\/worklikehome.com\/wp-content\/uploads\/CENARIOS-CABINE-SIT2-1.webp 1320w, https:\/\/worklikehome.com\/wp-content\/uploads\/.\/CENARIOS-CABINE-SIT2-1-150x150.webp 150w\" sizes=\"auto, (max-width: 1320px) 100vw, 1320px\" \/>\t\t\t\t\t\t\t\t\t\t\t\t\t\t\t\t\t\t<\/div>\n\t\t\t\t<\/div>\n\n\t\t\t\t<div class=\"wrapper-content-banner wd-fill wd-items-top wd-justify-left\">\n\t\t\t\t\t<div class=\"content-banner  text-left\">\n\t\t\t\t\t\t\n\t\t\t\t\t\t\n\t\t\t\t\t\t\n\t\t\t\t\t\t\n\t\t\t\t\t\t\t\t\t\t\t<\/div>\n\t\t\t\t<\/div>\n\n\t\t\t\t\t\t\t<\/div>\n\t\t<\/div>\n\t\t\t\t\t\t<\/div>\n\t\t\t\t<\/div>\n\t\t\t\t<\/div>\n\t\t\t\t\t<\/div>\n\t\t\t\t<\/div>\n\t\t\t\t<\/div>\n\t\t\n","protected":false},"excerpt":{"rendered":"<p>Work Phone es una excelente opci\u00f3n para llamadas telef\u00f3nicas, trabajo individual de corta duraci\u00f3n, entre otras actividades.<\/p>\n<p>Dise\u00f1ada con capacidad para un usuario, incluye todas las funcionalidades esenciales para trabajar con eficacia.<\/p>\n","protected":false},"featured_media":21101,"template":"","meta":{"_acf_changed":false},"product_brand":[],"product_cat":[153,159],"product_tag":[],"class_list":{"0":"post-18750","1":"product","2":"type-product","3":"status-publish","4":"has-post-thumbnail","6":"product_cat-cabinas","7":"product_cat-individuals-es","9":"first","10":"onbackorder","11":"taxable","12":"shipping-taxable","13":"purchasable","14":"product-type-simple"},"acf":[],"_links":{"self":[{"href":"https:\/\/worklikehome.com\/es\/wp-json\/wp\/v2\/product\/18750","targetHints":{"allow":["GET"]}}],"collection":[{"href":"https:\/\/worklikehome.com\/es\/wp-json\/wp\/v2\/product"}],"about":[{"href":"https:\/\/worklikehome.com\/es\/wp-json\/wp\/v2\/types\/product"}],"version-history":[{"count":6,"href":"https:\/\/worklikehome.com\/es\/wp-json\/wp\/v2\/product\/18750\/revisions"}],"predecessor-version":[{"id":21376,"href":"https:\/\/worklikehome.com\/es\/wp-json\/wp\/v2\/product\/18750\/revisions\/21376"}],"wp:featuredmedia":[{"embeddable":true,"href":"https:\/\/worklikehome.com\/es\/wp-json\/wp\/v2\/media\/21101"}],"wp:attachment":[{"href":"https:\/\/worklikehome.com\/es\/wp-json\/wp\/v2\/media?parent=18750"}],"wp:term":[{"taxonomy":"product_brand","embeddable":true,"href":"https:\/\/worklikehome.com\/es\/wp-json\/wp\/v2\/product_brand?post=18750"},{"taxonomy":"product_cat","embeddable":true,"href":"https:\/\/worklikehome.com\/es\/wp-json\/wp\/v2\/product_cat?post=18750"},{"taxonomy":"product_tag","embeddable":true,"href":"https:\/\/worklikehome.com\/es\/wp-json\/wp\/v2\/product_tag?post=18750"}],"curies":[{"name":"wp","href":"https:\/\/api.w.org\/{rel}","templated":true}]}}