{"id":18754,"date":"2024-08-05T13:16:21","date_gmt":"2024-08-05T13:16:21","guid":{"rendered":"https:\/\/worklikehome.com\/produto\/work-sit\/"},"modified":"2026-04-12T18:33:46","modified_gmt":"2026-04-12T18:33:46","slug":"work-sit","status":"publish","type":"product","link":"https:\/\/worklikehome.com\/fr\/produto\/work-sit\/","title":{"rendered":"WORK SEAT"},"content":{"rendered":"<p>Dise\u00f1ada con dos paredes de vidrio ac\u00fastico, se adapta a cualquier tipo de entorno y se integra perfectamente en diferentes espacios de trabajo.<\/p>\n<p>Work Seat es el espacio ideal para trabajar de forma individual, realizar llamadas, videoconferencias, reuniones y presentaciones en l\u00ednea.<\/p>\n<p>&nbsp;<\/p>\n\t\t\t<link rel=\"stylesheet\" id=\"elementor-post-20516-css\" href=\"https:\/\/worklikehome.com\/wp-content\/uploads\/elementor\/css\/post-20516.css?ver=1776215634\" type=\"text\/css\" media=\"all\">\n\t\t\t\t\t<div data-elementor-type=\"wp-post\" data-elementor-id=\"20516\" class=\"elementor elementor-20516 elementor-16225\" data-elementor-post-type=\"cms_block\">\n\t\t\t\t<div class=\"wd-negative-gap elementor-element elementor-element-5fcd76a e-flex e-con-boxed e-con e-parent\" data-id=\"5fcd76a\" data-element_type=\"container\" data-e-type=\"container\">\n\t\t\t\t\t<div class=\"e-con-inner\">\n\t\t<div class=\"elementor-element elementor-element-ef1e14d e-con-full e-flex e-con e-child\" data-id=\"ef1e14d\" data-element_type=\"container\" data-e-type=\"container\">\n\t\t\t\t<div class=\"elementor-element elementor-element-543c09c elementor-widget elementor-widget-wd_banner\" data-id=\"543c09c\" data-element_type=\"widget\" data-e-type=\"widget\" data-widget_type=\"wd_banner.default\">\n\t\t\t\t<div class=\"elementor-widget-container\">\n\t\t\t\t\t\t\t<div class=\"promo-banner-wrapper\">\n\t\t\t<div class=\"promo-banner banner-default banner-hover-none color-scheme- banner-btn-size-default banner-btn-style-default\">\n\t\t\t\t<div class=\"main-wrapp-img\">\n\t\t\t\t\t<div class=\"banner-image\">\n\t\t\t\t\t\t\t\t\t\t\t\t\t\t\t\t\t\t\t\t\t<img loading=\"lazy\" decoding=\"async\" width=\"1320\" height=\"720\" src=\"https:\/\/worklikehome.com\/wp-content\/uploads\/CENARIOS-CABINE-SIT-1.webp\" class=\"attachment-full size-full\" alt=\"\" srcset=\"https:\/\/worklikehome.com\/wp-content\/uploads\/CENARIOS-CABINE-SIT-1.webp 1320w, https:\/\/worklikehome.com\/wp-content\/uploads\/.\/CENARIOS-CABINE-SIT-1-150x150.webp 150w\" sizes=\"auto, (max-width: 1320px) 100vw, 1320px\" \/>\t\t\t\t\t\t\t\t\t\t\t\t\t\t\t\t\t\t<\/div>\n\t\t\t\t<\/div>\n\n\t\t\t\t<div class=\"wrapper-content-banner wd-fill wd-items-top wd-justify-left\">\n\t\t\t\t\t<div class=\"content-banner  text-left\">\n\t\t\t\t\t\t\n\t\t\t\t\t\t\n\t\t\t\t\t\t\n\t\t\t\t\t\t\n\t\t\t\t\t\t\t\t\t\t\t<\/div>\n\t\t\t\t<\/div>\n\n\t\t\t\t\t\t\t<\/div>\n\t\t<\/div>\n\t\t\t\t\t\t<\/div>\n\t\t\t\t<\/div>\n\t\t\t\t<\/div>\n\t\t<div class=\"elementor-element elementor-element-957fba5 e-con-full e-flex e-con e-child\" data-id=\"957fba5\" data-element_type=\"container\" data-e-type=\"container\">\n\t\t\t\t<div class=\"elementor-element elementor-element-b315d18 elementor-widget elementor-widget-wd_banner\" data-id=\"b315d18\" data-element_type=\"widget\" data-e-type=\"widget\" data-widget_type=\"wd_banner.default\">\n\t\t\t\t<div class=\"elementor-widget-container\">\n\t\t\t\t\t\t\t<div class=\"promo-banner-wrapper\">\n\t\t\t<div class=\"promo-banner banner-default banner-hover-none color-scheme- banner-btn-size-default banner-btn-style-default\">\n\t\t\t\t<div class=\"main-wrapp-img\">\n\t\t\t\t\t<div class=\"banner-image\">\n\t\t\t\t\t\t\t\t\t\t\t\t\t\t\t\t\t\t\t\t\t<img loading=\"lazy\" decoding=\"async\" width=\"1320\" height=\"720\" src=\"https:\/\/worklikehome.com\/wp-content\/uploads\/CENARIOS-CABINE-SIT2-1.webp\" class=\"attachment-full size-full\" alt=\"\" srcset=\"https:\/\/worklikehome.com\/wp-content\/uploads\/CENARIOS-CABINE-SIT2-1.webp 1320w, https:\/\/worklikehome.com\/wp-content\/uploads\/.\/CENARIOS-CABINE-SIT2-1-150x150.webp 150w\" sizes=\"auto, (max-width: 1320px) 100vw, 1320px\" \/>\t\t\t\t\t\t\t\t\t\t\t\t\t\t\t\t\t\t<\/div>\n\t\t\t\t<\/div>\n\n\t\t\t\t<div class=\"wrapper-content-banner wd-fill wd-items-top wd-justify-left\">\n\t\t\t\t\t<div class=\"content-banner  text-left\">\n\t\t\t\t\t\t\n\t\t\t\t\t\t\n\t\t\t\t\t\t\n\t\t\t\t\t\t\n\t\t\t\t\t\t\t\t\t\t\t<\/div>\n\t\t\t\t<\/div>\n\n\t\t\t\t\t\t\t<\/div>\n\t\t<\/div>\n\t\t\t\t\t\t<\/div>\n\t\t\t\t<\/div>\n\t\t\t\t<\/div>\n\t\t\t\t\t<\/div>\n\t\t\t\t<\/div>\n\t\t\t\t<\/div>\n\t\t\n","protected":false},"excerpt":{"rendered":"<p>La Work Seat, configur\u00e9e pour un utilisateur, a \u00e9t\u00e9 con\u00e7ue pour offrir un environnement adapt\u00e9 et isol\u00e9 du bruit pour le travail individuel, les conversations t\u00e9l\u00e9phoniques, les vid\u00e9oconf\u00e9rences, entre autres activit\u00e9s n\u00e9cessitant de l&rsquo;intimit\u00e9 et de la concentration.<\/p>\n","protected":false},"featured_media":21432,"template":"","meta":{"_acf_changed":false},"product_brand":[],"product_cat":[152,158],"product_tag":[],"class_list":{"0":"post-18754","1":"product","2":"type-product","3":"status-publish","4":"has-post-thumbnail","6":"product_cat-cabines-fr","7":"product_cat-individuels","9":"first","10":"onbackorder","11":"taxable","12":"shipping-taxable","13":"purchasable","14":"product-type-simple"},"acf":[],"_links":{"self":[{"href":"https:\/\/worklikehome.com\/fr\/wp-json\/wp\/v2\/product\/18754","targetHints":{"allow":["GET"]}}],"collection":[{"href":"https:\/\/worklikehome.com\/fr\/wp-json\/wp\/v2\/product"}],"about":[{"href":"https:\/\/worklikehome.com\/fr\/wp-json\/wp\/v2\/types\/product"}],"version-history":[{"count":3,"href":"https:\/\/worklikehome.com\/fr\/wp-json\/wp\/v2\/product\/18754\/revisions"}],"predecessor-version":[{"id":21435,"href":"https:\/\/worklikehome.com\/fr\/wp-json\/wp\/v2\/product\/18754\/revisions\/21435"}],"wp:featuredmedia":[{"embeddable":true,"href":"https:\/\/worklikehome.com\/fr\/wp-json\/wp\/v2\/media\/21432"}],"wp:attachment":[{"href":"https:\/\/worklikehome.com\/fr\/wp-json\/wp\/v2\/media?parent=18754"}],"wp:term":[{"taxonomy":"product_brand","embeddable":true,"href":"https:\/\/worklikehome.com\/fr\/wp-json\/wp\/v2\/product_brand?post=18754"},{"taxonomy":"product_cat","embeddable":true,"href":"https:\/\/worklikehome.com\/fr\/wp-json\/wp\/v2\/product_cat?post=18754"},{"taxonomy":"product_tag","embeddable":true,"href":"https:\/\/worklikehome.com\/fr\/wp-json\/wp\/v2\/product_tag?post=18754"}],"curies":[{"name":"wp","href":"https:\/\/api.w.org\/{rel}","templated":true}]}}