{"id":20962,"date":"2024-09-24T22:35:10","date_gmt":"2024-09-24T22:35:10","guid":{"rendered":"https:\/\/worklikehome.com\/produto\/work-two\/"},"modified":"2026-04-12T14:26:24","modified_gmt":"2026-04-12T14:26:24","slug":"work-two","status":"publish","type":"product","link":"https:\/\/worklikehome.com\/fr\/produto\/work-two\/","title":{"rendered":"WORK TWO"},"content":{"rendered":"<p>Qu&rsquo;il s&rsquo;agisse de s\u00e9ances de travail n\u00e9cessitant davantage d&rsquo;intimit\u00e9, comme les entretiens d&#8217;embauche, ou de r\u00e9unions informelles, cette cabine est un excellent choix pour tout type de bureau.<\/p>\n<p>\u00c0 l&rsquo;int\u00e9rieur, elle est \u00e9quip\u00e9e de prises \u00e9lectriques sur les c\u00f4t\u00e9s qui permettent aux utilisateurs de recharger leurs appareils plus facilement, tout en gardant l&rsquo;espace bien rang\u00e9.<\/p>\n<p>&nbsp;<\/p>\n\t\t\t<link rel=\"stylesheet\" id=\"elementor-post-20510-css\" href=\"https:\/\/worklikehome.com\/wp-content\/uploads\/elementor\/css\/post-20510.css?ver=1776210086\" type=\"text\/css\" media=\"all\">\n\t\t\t\t\t<div data-elementor-type=\"wp-post\" data-elementor-id=\"20510\" class=\"elementor elementor-20510 elementor-16238\" data-elementor-post-type=\"cms_block\">\n\t\t\t\t<div class=\"wd-negative-gap elementor-element elementor-element-e5eaffc e-flex e-con-boxed e-con e-parent\" data-id=\"e5eaffc\" data-element_type=\"container\" data-e-type=\"container\">\n\t\t\t\t\t<div class=\"e-con-inner\">\n\t\t<div class=\"elementor-element elementor-element-c04fc53 e-con-full e-flex e-con e-child\" data-id=\"c04fc53\" data-element_type=\"container\" data-e-type=\"container\">\n\t\t\t\t<div class=\"elementor-element elementor-element-12b3c06 elementor-widget elementor-widget-wd_banner\" data-id=\"12b3c06\" data-element_type=\"widget\" data-e-type=\"widget\" data-widget_type=\"wd_banner.default\">\n\t\t\t\t<div class=\"elementor-widget-container\">\n\t\t\t\t\t\t\t<div class=\"promo-banner-wrapper\">\n\t\t\t<div class=\"promo-banner banner-default banner-hover-none color-scheme- banner-btn-size-default banner-btn-style-default\">\n\t\t\t\t<div class=\"main-wrapp-img\">\n\t\t\t\t\t<div class=\"banner-image\">\n\t\t\t\t\t\t\t\t\t\t\t\t\t\t\t\t\t\t\t\t\t<img loading=\"lazy\" decoding=\"async\" width=\"1320\" height=\"720\" src=\"https:\/\/worklikehome.com\/wp-content\/uploads\/CENARIOS-CABINE-TWO1-1.webp\" class=\"attachment-full size-full\" alt=\"\" srcset=\"https:\/\/worklikehome.com\/wp-content\/uploads\/CENARIOS-CABINE-TWO1-1.webp 1320w, https:\/\/worklikehome.com\/wp-content\/uploads\/.\/CENARIOS-CABINE-TWO1-1-150x150.webp 150w\" sizes=\"auto, (max-width: 1320px) 100vw, 1320px\" \/>\t\t\t\t\t\t\t\t\t\t\t\t\t\t\t\t\t\t<\/div>\n\t\t\t\t<\/div>\n\n\t\t\t\t<div class=\"wrapper-content-banner wd-fill wd-items-top wd-justify-left\">\n\t\t\t\t\t<div class=\"content-banner  text-left\">\n\t\t\t\t\t\t\n\t\t\t\t\t\t\n\t\t\t\t\t\t\n\t\t\t\t\t\t\n\t\t\t\t\t\t\t\t\t\t\t<\/div>\n\t\t\t\t<\/div>\n\n\t\t\t\t\t\t\t<\/div>\n\t\t<\/div>\n\t\t\t\t\t\t<\/div>\n\t\t\t\t<\/div>\n\t\t\t\t<\/div>\n\t\t<div class=\"elementor-element elementor-element-bba118d e-con-full e-flex e-con e-child\" data-id=\"bba118d\" data-element_type=\"container\" data-e-type=\"container\">\n\t\t\t\t<div class=\"elementor-element elementor-element-0905354 elementor-widget elementor-widget-wd_banner\" data-id=\"0905354\" data-element_type=\"widget\" data-e-type=\"widget\" data-widget_type=\"wd_banner.default\">\n\t\t\t\t<div class=\"elementor-widget-container\">\n\t\t\t\t\t\t\t<div class=\"promo-banner-wrapper\">\n\t\t\t<div class=\"promo-banner banner-default banner-hover-none color-scheme- banner-btn-size-default banner-btn-style-default\">\n\t\t\t\t<div class=\"main-wrapp-img\">\n\t\t\t\t\t<div class=\"banner-image\">\n\t\t\t\t\t\t\t\t\t\t\t\t\t\t\t\t\t\t\t\t\t<img loading=\"lazy\" decoding=\"async\" width=\"1320\" height=\"720\" src=\"https:\/\/worklikehome.com\/wp-content\/uploads\/CENARIOS-CABINE-TWO2-1.webp\" class=\"attachment-full size-full\" alt=\"\" srcset=\"https:\/\/worklikehome.com\/wp-content\/uploads\/CENARIOS-CABINE-TWO2-1.webp 1320w, https:\/\/worklikehome.com\/wp-content\/uploads\/.\/CENARIOS-CABINE-TWO2-1-150x150.webp 150w\" sizes=\"auto, (max-width: 1320px) 100vw, 1320px\" \/>\t\t\t\t\t\t\t\t\t\t\t\t\t\t\t\t\t\t<\/div>\n\t\t\t\t<\/div>\n\n\t\t\t\t<div class=\"wrapper-content-banner wd-fill wd-items-top wd-justify-left\">\n\t\t\t\t\t<div class=\"content-banner  text-left\">\n\t\t\t\t\t\t\n\t\t\t\t\t\t\n\t\t\t\t\t\t\n\t\t\t\t\t\t\n\t\t\t\t\t\t\t\t\t\t\t<\/div>\n\t\t\t\t<\/div>\n\n\t\t\t\t\t\t\t<\/div>\n\t\t<\/div>\n\t\t\t\t\t\t<\/div>\n\t\t\t\t<\/div>\n\t\t\t\t<\/div>\n\t\t\t\t\t<\/div>\n\t\t\t\t<\/div>\n\t\t\t\t<\/div>\n\t\t\n","protected":false},"excerpt":{"rendered":"<p>La Work Two est consid\u00e9r\u00e9e comme un excellent choix pour deux personnes \u00e0 la recherche d&rsquo;un espace r\u00e9serv\u00e9 pour se r\u00e9unir ou travailler en toute concentration.<\/p>\n","protected":false},"featured_media":16617,"template":"","meta":{"_acf_changed":false},"product_brand":[],"product_cat":[152,155],"product_tag":[],"class_list":{"0":"post-20962","1":"product","2":"type-product","3":"status-publish","4":"has-post-thumbnail","6":"product_cat-cabines-fr","7":"product_cat-collaboratif","9":"first","10":"onbackorder","11":"taxable","12":"shipping-taxable","13":"purchasable","14":"product-type-simple"},"acf":[],"_links":{"self":[{"href":"https:\/\/worklikehome.com\/fr\/wp-json\/wp\/v2\/product\/20962","targetHints":{"allow":["GET"]}}],"collection":[{"href":"https:\/\/worklikehome.com\/fr\/wp-json\/wp\/v2\/product"}],"about":[{"href":"https:\/\/worklikehome.com\/fr\/wp-json\/wp\/v2\/types\/product"}],"version-history":[{"count":3,"href":"https:\/\/worklikehome.com\/fr\/wp-json\/wp\/v2\/product\/20962\/revisions"}],"predecessor-version":[{"id":21400,"href":"https:\/\/worklikehome.com\/fr\/wp-json\/wp\/v2\/product\/20962\/revisions\/21400"}],"wp:featuredmedia":[{"embeddable":true,"href":"https:\/\/worklikehome.com\/fr\/wp-json\/wp\/v2\/media\/16617"}],"wp:attachment":[{"href":"https:\/\/worklikehome.com\/fr\/wp-json\/wp\/v2\/media?parent=20962"}],"wp:term":[{"taxonomy":"product_brand","embeddable":true,"href":"https:\/\/worklikehome.com\/fr\/wp-json\/wp\/v2\/product_brand?post=20962"},{"taxonomy":"product_cat","embeddable":true,"href":"https:\/\/worklikehome.com\/fr\/wp-json\/wp\/v2\/product_cat?post=20962"},{"taxonomy":"product_tag","embeddable":true,"href":"https:\/\/worklikehome.com\/fr\/wp-json\/wp\/v2\/product_tag?post=20962"}],"curies":[{"name":"wp","href":"https:\/\/api.w.org\/{rel}","templated":true}]}}