{"id":20973,"date":"2024-09-29T21:57:56","date_gmt":"2024-09-29T21:57:56","guid":{"rendered":"https:\/\/worklikehome.com\/produto\/work-four\/"},"modified":"2026-04-12T15:27:52","modified_gmt":"2026-04-12T15:27:52","slug":"work-four","status":"publish","type":"product","link":"https:\/\/worklikehome.com\/fr\/produto\/work-four\/","title":{"rendered":"WORK FOUR"},"content":{"rendered":"<p>Avec son design fonctionnel et sobre, la Work Four a \u00e9t\u00e9 con\u00e7ue pour r\u00e9pondre aux exigences de l&rsquo;environnement professionnel, offrant un cadre id\u00e9al pour les r\u00e9unions d&rsquo;\u00e9quipe, les s\u00e9ances de brainstorming ou les discussions strat\u00e9giques. Cette cabine peut accueillir quatre personnes et offre toutes les fonctionnalit\u00e9s essentielles qui garantissent confort et bien-\u00eatre.<\/p>\n<p>&nbsp;<\/p>\n\t\t\t<link rel=\"stylesheet\" id=\"elementor-post-20504-css\" href=\"https:\/\/worklikehome.com\/wp-content\/uploads\/elementor\/css\/post-20504.css?ver=1776210085\" type=\"text\/css\" media=\"all\">\n\t\t\t\t\t<div data-elementor-type=\"wp-post\" data-elementor-id=\"20504\" class=\"elementor elementor-20504 elementor-16563\" data-elementor-post-type=\"cms_block\">\n\t\t\t\t<div class=\"wd-negative-gap elementor-element elementor-element-e5eaffc e-flex e-con-boxed e-con e-parent\" data-id=\"e5eaffc\" data-element_type=\"container\" data-e-type=\"container\">\n\t\t\t\t\t<div class=\"e-con-inner\">\n\t\t<div class=\"elementor-element elementor-element-c04fc53 e-con-full e-flex e-con e-child\" data-id=\"c04fc53\" data-element_type=\"container\" data-e-type=\"container\">\n\t\t\t\t<div class=\"elementor-element elementor-element-12b3c06 elementor-widget elementor-widget-wd_banner\" data-id=\"12b3c06\" data-element_type=\"widget\" data-e-type=\"widget\" data-widget_type=\"wd_banner.default\">\n\t\t\t\t<div class=\"elementor-widget-container\">\n\t\t\t\t\t\t\t<div class=\"promo-banner-wrapper\">\n\t\t\t<div class=\"promo-banner banner-default banner-hover-none color-scheme- banner-btn-size-default banner-btn-style-default\">\n\t\t\t\t<div class=\"main-wrapp-img\">\n\t\t\t\t\t<div class=\"banner-image\">\n\t\t\t\t\t\t\t\t\t\t\t\t\t\t\t\t\t\t\t\t\t<img loading=\"lazy\" decoding=\"async\" width=\"1320\" height=\"720\" src=\"https:\/\/worklikehome.com\/wp-content\/uploads\/CENARIOS-CABINE-FOUR1-1.webp\" class=\"attachment-full size-full\" alt=\"\" srcset=\"https:\/\/worklikehome.com\/wp-content\/uploads\/CENARIOS-CABINE-FOUR1-1.webp 1320w, https:\/\/worklikehome.com\/wp-content\/uploads\/.\/CENARIOS-CABINE-FOUR1-1-150x150.webp 150w\" sizes=\"auto, (max-width: 1320px) 100vw, 1320px\" \/>\t\t\t\t\t\t\t\t\t\t\t\t\t\t\t\t\t\t<\/div>\n\t\t\t\t<\/div>\n\n\t\t\t\t<div class=\"wrapper-content-banner wd-fill wd-items-top wd-justify-left\">\n\t\t\t\t\t<div class=\"content-banner  text-left\">\n\t\t\t\t\t\t\n\t\t\t\t\t\t\n\t\t\t\t\t\t\n\t\t\t\t\t\t\n\t\t\t\t\t\t\t\t\t\t\t<\/div>\n\t\t\t\t<\/div>\n\n\t\t\t\t\t\t\t<\/div>\n\t\t<\/div>\n\t\t\t\t\t\t<\/div>\n\t\t\t\t<\/div>\n\t\t\t\t<\/div>\n\t\t<div class=\"elementor-element elementor-element-bba118d e-con-full e-flex e-con e-child\" data-id=\"bba118d\" data-element_type=\"container\" data-e-type=\"container\">\n\t\t\t\t<div class=\"elementor-element elementor-element-0905354 elementor-widget elementor-widget-wd_banner\" data-id=\"0905354\" data-element_type=\"widget\" data-e-type=\"widget\" data-widget_type=\"wd_banner.default\">\n\t\t\t\t<div class=\"elementor-widget-container\">\n\t\t\t\t\t\t\t<div class=\"promo-banner-wrapper\">\n\t\t\t<div class=\"promo-banner banner-default banner-hover-none color-scheme- banner-btn-size-default banner-btn-style-default\">\n\t\t\t\t<div class=\"main-wrapp-img\">\n\t\t\t\t\t<div class=\"banner-image\">\n\t\t\t\t\t\t\t\t\t\t\t\t\t\t\t\t\t\t\t\t\t<img loading=\"lazy\" decoding=\"async\" width=\"1320\" height=\"720\" src=\"https:\/\/worklikehome.com\/wp-content\/uploads\/CENARIOS-CABINE-FOUR2-1.webp\" class=\"attachment-full size-full\" alt=\"\" srcset=\"https:\/\/worklikehome.com\/wp-content\/uploads\/CENARIOS-CABINE-FOUR2-1.webp 1320w, https:\/\/worklikehome.com\/wp-content\/uploads\/.\/CENARIOS-CABINE-FOUR2-1-150x150.webp 150w\" sizes=\"auto, (max-width: 1320px) 100vw, 1320px\" \/>\t\t\t\t\t\t\t\t\t\t\t\t\t\t\t\t\t\t<\/div>\n\t\t\t\t<\/div>\n\n\t\t\t\t<div class=\"wrapper-content-banner wd-fill wd-items-top wd-justify-left\">\n\t\t\t\t\t<div class=\"content-banner  text-left\">\n\t\t\t\t\t\t\n\t\t\t\t\t\t\n\t\t\t\t\t\t\n\t\t\t\t\t\t\n\t\t\t\t\t\t\t\t\t\t\t<\/div>\n\t\t\t\t<\/div>\n\n\t\t\t\t\t\t\t<\/div>\n\t\t<\/div>\n\t\t\t\t\t\t<\/div>\n\t\t\t\t<\/div>\n\t\t\t\t<\/div>\n\t\t\t\t\t<\/div>\n\t\t\t\t<\/div>\n\t\t\t\t<\/div>\n\t\t\n","protected":false},"excerpt":{"rendered":"<p>La Work Four a \u00e9t\u00e9 imagin\u00e9e pour les t\u00e2ches en \u00e9quipe dans le but de rendre l&rsquo;environnement plus dynamique. Cette cabine allie confort et polyvalence, favorisant le bien-\u00eatre m\u00eame lors d&rsquo;utilisations prolong\u00e9es.<\/p>\n","protected":false},"featured_media":16607,"template":"","meta":{"_acf_changed":false},"product_brand":[],"product_cat":[152,155],"product_tag":[],"class_list":{"0":"post-20973","1":"product","2":"type-product","3":"status-publish","4":"has-post-thumbnail","6":"product_cat-cabines-fr","7":"product_cat-collaboratif","9":"first","10":"onbackorder","11":"taxable","12":"shipping-taxable","13":"purchasable","14":"product-type-simple"},"acf":[],"_links":{"self":[{"href":"https:\/\/worklikehome.com\/fr\/wp-json\/wp\/v2\/product\/20973","targetHints":{"allow":["GET"]}}],"collection":[{"href":"https:\/\/worklikehome.com\/fr\/wp-json\/wp\/v2\/product"}],"about":[{"href":"https:\/\/worklikehome.com\/fr\/wp-json\/wp\/v2\/types\/product"}],"version-history":[{"count":4,"href":"https:\/\/worklikehome.com\/fr\/wp-json\/wp\/v2\/product\/20973\/revisions"}],"predecessor-version":[{"id":21411,"href":"https:\/\/worklikehome.com\/fr\/wp-json\/wp\/v2\/product\/20973\/revisions\/21411"}],"wp:featuredmedia":[{"embeddable":true,"href":"https:\/\/worklikehome.com\/fr\/wp-json\/wp\/v2\/media\/16607"}],"wp:attachment":[{"href":"https:\/\/worklikehome.com\/fr\/wp-json\/wp\/v2\/media?parent=20973"}],"wp:term":[{"taxonomy":"product_brand","embeddable":true,"href":"https:\/\/worklikehome.com\/fr\/wp-json\/wp\/v2\/product_brand?post=20973"},{"taxonomy":"product_cat","embeddable":true,"href":"https:\/\/worklikehome.com\/fr\/wp-json\/wp\/v2\/product_cat?post=20973"},{"taxonomy":"product_tag","embeddable":true,"href":"https:\/\/worklikehome.com\/fr\/wp-json\/wp\/v2\/product_tag?post=20973"}],"curies":[{"name":"wp","href":"https:\/\/api.w.org\/{rel}","templated":true}]}}